{"id":56,"date":"2025-11-05T14:11:36","date_gmt":"2025-11-05T14:11:36","guid":{"rendered":"http:\/\/tazacorte.es\/web\/?page_id=56"},"modified":"2026-02-20T14:25:54","modified_gmt":"2026-02-20T14:25:54","slug":"deportes","status":"publish","type":"page","link":"https:\/\/tazacorte.es\/web\/deportes","title":{"rendered":"Deportes"},"content":{"rendered":"<p>[et_pb_section fb_built=&#8221;1&#8243; _builder_version=&#8221;4.27.5&#8243; _module_preset=&#8221;default&#8221; custom_margin=&#8221;7%||||false|false&#8221; custom_margin_tablet=&#8221;28%||||false|false&#8221; custom_margin_phone=&#8221;40%||||false|false&#8221; custom_margin_last_edited=&#8221;on|phone&#8221; hover_enabled=&#8221;0&#8243; global_colors_info=&#8221;{}&#8221; sticky_enabled=&#8221;0&#8243;][et_pb_row _builder_version=&#8221;4.27.4&#8243; _module_preset=&#8221;default&#8221; custom_margin=&#8221;0%||||false|false&#8221; custom_margin_tablet=&#8221;-6%||||false|false&#8221; custom_margin_phone=&#8221;-10%||||false|false&#8221; custom_margin_last_edited=&#8221;on|phone&#8221; global_colors_info=&#8221;{}&#8221;][et_pb_column type=&#8221;4_4&#8243; _builder_version=&#8221;4.27.4&#8243; _module_preset=&#8221;default&#8221; global_colors_info=&#8221;{}&#8221;][et_pb_heading title=&#8221;Deportes&#8221; _builder_version=&#8221;4.27.4&#8243; _module_preset=&#8221;default&#8221; title_font=&#8221;Garet Heavy||||||||&#8221; title_text_align=&#8221;left&#8221; title_text_color=&#8221;#1f1914&#8243; title_font_size=&#8221;40px&#8221; title_font_size_tablet=&#8221;48px&#8221; title_font_size_phone=&#8221;27px&#8221; title_font_size_last_edited=&#8221;on|phone&#8221; global_colors_info=&#8221;{}&#8221;][\/et_pb_heading][et_pb_divider color=&#8221;#293417&#8243; divider_weight=&#8221;3px&#8221; _builder_version=&#8221;4.27.4&#8243; _module_preset=&#8221;default&#8221; custom_margin=&#8221;-2%||||false|false&#8221; custom_margin_tablet=&#8221;-2%||||false|false&#8221; custom_margin_phone=&#8221;-6%||||false|false&#8221; custom_margin_last_edited=&#8221;on|phone&#8221; global_colors_info=&#8221;{}&#8221;][\/et_pb_divider][\/et_pb_column][\/et_pb_row][et_pb_row column_structure=&#8221;1_3,2_3&#8243; _builder_version=&#8221;4.27.4&#8243; _module_preset=&#8221;default&#8221; custom_margin_tablet=&#8221;-5%||||false|false&#8221; custom_margin_phone=&#8221;-6%||||false|false&#8221; custom_margin_last_edited=&#8221;on|phone&#8221; global_colors_info=&#8221;{}&#8221;][et_pb_column type=&#8221;1_3&#8243; _builder_version=&#8221;4.27.4&#8243; _module_preset=&#8221;default&#8221; global_colors_info=&#8221;{}&#8221;][et_pb_image src=&#8221;https:\/\/tazacorte.es\/web\/wp-content\/uploads\/2025\/11\/foto_tony-600&#215;393-fotor-20251008172048.webp&#8221; align=&#8221;right&#8221; _builder_version=&#8221;4.27.4&#8243; _module_preset=&#8221;default&#8221; width=&#8221;98%&#8221; global_colors_info=&#8221;{}&#8221;][\/et_pb_image][\/et_pb_column][et_pb_column type=&#8221;2_3&#8243; _builder_version=&#8221;4.27.4&#8243; _module_preset=&#8221;default&#8221; global_colors_info=&#8221;{}&#8221;][et_pb_text _builder_version=&#8221;4.27.4&#8243; _module_preset=&#8221;default&#8221; text_font=&#8221;Arial||||||||&#8221; text_text_color=&#8221;#1f1914&#8243; text_font_size=&#8221;18px&#8221; global_colors_info=&#8221;{}&#8221;]<\/p>\n<p style=\"text-align: justify;\">Le damos la bienvenida a la secci\u00f3n web de la Concejal\u00eda de Deportes del Ayuntamiento de la Villa y Puerto de Tazacorte. Aqu\u00ed podr\u00e1n encontrar la informaci\u00f3n relativa a los distintos programas que desarrolla el Ayuntaminto de Tazacorte para la promoci\u00f3n del deporte y la actividad f\u00edsica, as\u00ed como sobre las distintas instalaciones deportivas que gestiona y la actividad desarrollada por los distintos clubes y asociaciones deportivas del municipio.<\/p>\n<p style=\"text-align: justify;\">Queremos que sea una p\u00e1gina abierta a sugerencias e ideas de todos los vecinos para un mejor funcionamiento de nuestro ayuntamiento y una mayor participaci\u00f3n ciudadana.<\/p>\n<p>[\/et_pb_text][\/et_pb_column][\/et_pb_row][et_pb_row _builder_version=&#8221;4.27.4&#8243; _module_preset=&#8221;default&#8221; custom_margin=&#8221;-1%||||false|false&#8221; custom_margin_tablet=&#8221;-5%||||false|false&#8221; custom_margin_phone=&#8221;-8%||||false|false&#8221; custom_margin_last_edited=&#8221;on|phone&#8221; global_colors_info=&#8221;{}&#8221;][et_pb_column type=&#8221;4_4&#8243; _builder_version=&#8221;4.27.4&#8243; _module_preset=&#8221;default&#8221; global_colors_info=&#8221;{}&#8221;][et_pb_heading title=&#8221;Antonio Manuel Santana Yanes&#8221; _builder_version=&#8221;4.27.4&#8243; _module_preset=&#8221;default&#8221; title_font=&#8221;Garet Heavy||||||||&#8221; title_text_align=&#8221;left&#8221; title_text_color=&#8221;#1f1914&#8243; title_font_size=&#8221;28px&#8221; title_font_size_tablet=&#8221;28px&#8221; title_font_size_phone=&#8221;19px&#8221; title_font_size_last_edited=&#8221;on|phone&#8221; global_colors_info=&#8221;{}&#8221;][\/et_pb_heading][et_pb_text _builder_version=&#8221;4.27.4&#8243; _module_preset=&#8221;default&#8221; text_font=&#8221;Arial||||||||&#8221; text_text_color=&#8221;#1f1914&#8243; text_font_size=&#8221;18px&#8221; custom_margin=&#8221;-3%||||false|false&#8221; custom_margin_tablet=&#8221;-3%||||false|false&#8221; custom_margin_phone=&#8221;-7%||||false|false&#8221; custom_margin_last_edited=&#8221;on|desktop&#8221; global_colors_info=&#8221;{}&#8221;]<\/p>\n<p style=\"text-align: justify;\">Primer teniente de Alcalde. \u00c1reas de Planificaci\u00f3n Urban\u00edstica, Obras, Servicios Municipales, Mantenimiento Integral del Pueblo, Salud P\u00fablica y Deportes.<\/p>\n<p>[\/et_pb_text][\/et_pb_column][\/et_pb_row][\/et_pb_section]<\/p>\n","protected":false},"excerpt":{"rendered":"<p>Le damos la bienvenida a la secci\u00f3n web de la Concejal\u00eda de Deportes del Ayuntamiento de la Villa y Puerto de Tazacorte. Aqu\u00ed podr\u00e1n encontrar la informaci\u00f3n relativa a los distintos programas que desarrolla el Ayuntaminto de Tazacorte para la promoci\u00f3n del deporte y la actividad f\u00edsica, as\u00ed como sobre las distintas instalaciones deportivas que [&hellip;]<\/p>\n","protected":false},"author":1,"featured_media":0,"parent":0,"menu_order":0,"comment_status":"closed","ping_status":"closed","template":"","meta":{"_et_pb_use_builder":"on","_et_pb_old_content":"","_et_gb_content_width":"","footnotes":""},"class_list":["post-56","page","type-page","status-publish","hentry"],"yoast_head":"<!-- This site is optimized with the Yoast SEO plugin v27.1.1 - https:\/\/yoast.com\/product\/yoast-seo-wordpress\/ -->\n<title>Deportes - AYUNTAMIENTO DE TAZACORTE<\/title>\n<meta name=\"robots\" content=\"index, follow, max-snippet:-1, max-image-preview:large, max-video-preview:-1\" \/>\n<link rel=\"canonical\" href=\"https:\/\/tazacorte.es\/web\/deportes\" \/>\n<meta property=\"og:locale\" content=\"es_ES\" \/>\n<meta property=\"og:type\" content=\"article\" \/>\n<meta property=\"og:title\" content=\"Deportes - AYUNTAMIENTO DE TAZACORTE\" \/>\n<meta property=\"og:description\" content=\"Le damos la bienvenida a la secci\u00f3n web de la Concejal\u00eda de Deportes del Ayuntamiento de la Villa y Puerto de Tazacorte. Aqu\u00ed podr\u00e1n encontrar la informaci\u00f3n relativa a los distintos programas que desarrolla el Ayuntaminto de Tazacorte para la promoci\u00f3n del deporte y la actividad f\u00edsica, as\u00ed como sobre las distintas instalaciones deportivas que [&hellip;]\" \/>\n<meta property=\"og:url\" content=\"https:\/\/tazacorte.es\/web\/deportes\" \/>\n<meta property=\"og:site_name\" content=\"AYUNTAMIENTO DE TAZACORTE\" \/>\n<meta property=\"article:modified_time\" content=\"2026-02-20T14:25:54+00:00\" \/>\n<meta name=\"twitter:card\" content=\"summary_large_image\" \/>\n<meta name=\"twitter:label1\" content=\"Est. reading time\" \/>\n\t<meta name=\"twitter:data1\" content=\"3 minutos\" \/>\n<script type=\"application\/ld+json\" class=\"yoast-schema-graph\">{\"@context\":\"https:\/\/schema.org\",\"@graph\":[{\"@type\":\"WebPage\",\"@id\":\"https:\/\/tazacorte.es\/web\/deportes\",\"url\":\"https:\/\/tazacorte.es\/web\/deportes\",\"name\":\"Deportes - AYUNTAMIENTO DE TAZACORTE\",\"isPartOf\":{\"@id\":\"https:\/\/tazacorte.es\/web\/#website\"},\"datePublished\":\"2025-11-05T14:11:36+00:00\",\"dateModified\":\"2026-02-20T14:25:54+00:00\",\"breadcrumb\":{\"@id\":\"https:\/\/tazacorte.es\/web\/deportes#breadcrumb\"},\"inLanguage\":\"es\",\"potentialAction\":[{\"@type\":\"ReadAction\",\"target\":[\"https:\/\/tazacorte.es\/web\/deportes\"]}]},{\"@type\":\"BreadcrumbList\",\"@id\":\"https:\/\/tazacorte.es\/web\/deportes#breadcrumb\",\"itemListElement\":[{\"@type\":\"ListItem\",\"position\":1,\"name\":\"Home\",\"item\":\"https:\/\/tazacorte.es\/web\/\"},{\"@type\":\"ListItem\",\"position\":2,\"name\":\"Deportes\"}]},{\"@type\":\"WebSite\",\"@id\":\"https:\/\/tazacorte.es\/web\/#website\",\"url\":\"https:\/\/tazacorte.es\/web\/\",\"name\":\"AYUNTAMIENTO DE TAZACORTE\",\"description\":\"\",\"potentialAction\":[{\"@type\":\"SearchAction\",\"target\":{\"@type\":\"EntryPoint\",\"urlTemplate\":\"https:\/\/tazacorte.es\/web\/?s={search_term_string}\"},\"query-input\":{\"@type\":\"PropertyValueSpecification\",\"valueRequired\":true,\"valueName\":\"search_term_string\"}}],\"inLanguage\":\"es\"}]}<\/script>\n<!-- \/ Yoast SEO plugin. -->","yoast_head_json":{"title":"Deportes - AYUNTAMIENTO DE TAZACORTE","robots":{"index":"index","follow":"follow","max-snippet":"max-snippet:-1","max-image-preview":"max-image-preview:large","max-video-preview":"max-video-preview:-1"},"canonical":"https:\/\/tazacorte.es\/web\/deportes","og_locale":"es_ES","og_type":"article","og_title":"Deportes - AYUNTAMIENTO DE TAZACORTE","og_description":"Le damos la bienvenida a la secci\u00f3n web de la Concejal\u00eda de Deportes del Ayuntamiento de la Villa y Puerto de Tazacorte. Aqu\u00ed podr\u00e1n encontrar la informaci\u00f3n relativa a los distintos programas que desarrolla el Ayuntaminto de Tazacorte para la promoci\u00f3n del deporte y la actividad f\u00edsica, as\u00ed como sobre las distintas instalaciones deportivas que [&hellip;]","og_url":"https:\/\/tazacorte.es\/web\/deportes","og_site_name":"AYUNTAMIENTO DE TAZACORTE","article_modified_time":"2026-02-20T14:25:54+00:00","twitter_card":"summary_large_image","twitter_misc":{"Est. reading time":"3 minutos"},"schema":{"@context":"https:\/\/schema.org","@graph":[{"@type":"WebPage","@id":"https:\/\/tazacorte.es\/web\/deportes","url":"https:\/\/tazacorte.es\/web\/deportes","name":"Deportes - AYUNTAMIENTO DE TAZACORTE","isPartOf":{"@id":"https:\/\/tazacorte.es\/web\/#website"},"datePublished":"2025-11-05T14:11:36+00:00","dateModified":"2026-02-20T14:25:54+00:00","breadcrumb":{"@id":"https:\/\/tazacorte.es\/web\/deportes#breadcrumb"},"inLanguage":"es","potentialAction":[{"@type":"ReadAction","target":["https:\/\/tazacorte.es\/web\/deportes"]}]},{"@type":"BreadcrumbList","@id":"https:\/\/tazacorte.es\/web\/deportes#breadcrumb","itemListElement":[{"@type":"ListItem","position":1,"name":"Home","item":"https:\/\/tazacorte.es\/web\/"},{"@type":"ListItem","position":2,"name":"Deportes"}]},{"@type":"WebSite","@id":"https:\/\/tazacorte.es\/web\/#website","url":"https:\/\/tazacorte.es\/web\/","name":"AYUNTAMIENTO DE TAZACORTE","description":"","potentialAction":[{"@type":"SearchAction","target":{"@type":"EntryPoint","urlTemplate":"https:\/\/tazacorte.es\/web\/?s={search_term_string}"},"query-input":{"@type":"PropertyValueSpecification","valueRequired":true,"valueName":"search_term_string"}}],"inLanguage":"es"}]}},"_links":{"self":[{"href":"https:\/\/tazacorte.es\/web\/wp-json\/wp\/v2\/pages\/56","targetHints":{"allow":["GET"]}}],"collection":[{"href":"https:\/\/tazacorte.es\/web\/wp-json\/wp\/v2\/pages"}],"about":[{"href":"https:\/\/tazacorte.es\/web\/wp-json\/wp\/v2\/types\/page"}],"author":[{"embeddable":true,"href":"https:\/\/tazacorte.es\/web\/wp-json\/wp\/v2\/users\/1"}],"replies":[{"embeddable":true,"href":"https:\/\/tazacorte.es\/web\/wp-json\/wp\/v2\/comments?post=56"}],"version-history":[{"count":6,"href":"https:\/\/tazacorte.es\/web\/wp-json\/wp\/v2\/pages\/56\/revisions"}],"predecessor-version":[{"id":798,"href":"https:\/\/tazacorte.es\/web\/wp-json\/wp\/v2\/pages\/56\/revisions\/798"}],"wp:attachment":[{"href":"https:\/\/tazacorte.es\/web\/wp-json\/wp\/v2\/media?parent=56"}],"curies":[{"name":"wp","href":"https:\/\/api.w.org\/{rel}","templated":true}]}}